{"id":30,"date":"2016-07-21T11:34:06","date_gmt":"2016-07-21T09:34:06","guid":{"rendered":"http:\/\/cuadernosvioletas.cjex.org\/?page_id=30"},"modified":"2016-10-10T10:52:46","modified_gmt":"2016-10-10T08:52:46","slug":"cuadernos-violetas","status":"publish","type":"page","link":"https:\/\/cuadernosvioletas.cjex.org\/","title":{"rendered":"Cuadernos Violetas"},"content":{"rendered":"<figure id=\"attachment_8\" aria-describedby=\"caption-attachment-8\" style=\"width: 300px\" class=\"wp-caption alignleft\"><img loading=\"lazy\" decoding=\"async\" class=\"wp-image-8\" title=\"Cuadernos Violetas\" src=\"https:\/\/cuadernosvioletas.cjex.org\/wp-content\/uploads\/2016\/07\/cropped-web-CV-e1475833599239.png\" alt=\"Cuadernos Violetas\" width=\"300\" height=\"300\" \/><figcaption id=\"caption-attachment-8\" class=\"wp-caption-text\">Cuadernos Violetas<\/figcaption><\/figure>\n<h2 style=\"text-align: justify;\">Cuadernos Violetas<\/h2>\n<h5 style=\"text-align: justify;\">Cuadernos Violetas. Hay cosas que ocurren con frecuencia, como por ejemplo, resignarte a que cuando pasas por delante de un grupito de t\u00edos tengas que o\u00edrles gritar comentarios inapropiados sobre tu aspecto. O tener que hacer \u00abla cobra\u201d porque un chico ha decidido besarte, a pesar de que sabe ya que no quieres. O que seas cuestionada por c\u00f3mo vas vestida, pintada o peinada.<\/h5>\n<p style=\"text-align: justify;\">Y posiblemente te canse. Posiblemente est\u00e9s quemada. Posiblemente estas situaciones te resulten desagradables, molestas o hirientes. Pero te dicen que exageras. Que posiblemente est\u00e9s malinterpretando todo.<\/p>\n<p style=\"text-align: justify;\">No est\u00e1s sola. No te pasa s\u00f3lo a ti. No hay que agachar la cabeza y decir \u00abes lo que hay\u00bb. Vamos a visibilizar estas situaciones. Vamos a ense\u00f1arte a cu\u00e1ntas mujeres les pasa lo mismo que a ti, y colaborar para que t\u00fa puedas contar a otras que a ti tambi\u00e9n te ha pasado y que est\u00e1s harta.<\/p>\n<p style=\"text-align: justify;\">Escribe en este cuaderno la primera situaci\u00f3n que hayas vivido de acoso machista que te venga a la cabeza. Seguro que leyendo las que ya hay te acuerdas de alguna\u2026<\/p>\n<p style=\"text-align: justify;\"><em>\u00abDej\u00e9 de jugar al billar porque un hombre de aproximadamente 30 a\u00f1os me dijo que le estaba desconcentrando con mi minifalda.\u201d 15 a\u00f1os.<\/em><\/p>\n<p><em> \u00abUn d\u00eda me empezaron a seguir dos hombres. Estuve andando varios minutos, en los que se paraban cuando me paraba, y continuaban cuando volv\u00eda a andar. Me asust\u00e9 tanto que me entr\u00e9 en un bar y ped\u00ed a la camarera que se asomara y me dijera si estaban fuera. Ella sali\u00f3, y empez\u00f3 a amenazarles con llamar a la polic\u00eda, hasta que se fueron. Tuve que volver acompa\u00f1ada a casa.\u201d 22 a\u00f1os.<\/em><\/p>\n<p><em> \u00abTuve que empezar a usar pastillas anticonceptivas porque mi novio se negaba a ponerse preservativo.\u201d 16 a\u00f1os.<\/em><\/p>\n","protected":false},"excerpt":{"rendered":"<p>Cuadernos Violetas Cuadernos Violetas. Hay cosas que ocurren con frecuencia, como por ejemplo, resignarte a que cuando pasas por delante de un grupito de t\u00edos tengas que o\u00edrles gritar comentarios inapropiados sobre tu aspecto. O tener que hacer \u00abla cobra\u201d porque un chico ha decidido besarte, a pesar de que sabe ya que no quieres. [&hellip;]<\/p>\n","protected":false},"author":4,"featured_media":0,"parent":0,"menu_order":0,"comment_status":"closed","ping_status":"closed","template":"","meta":{"footnotes":""},"class_list":{"0":"post-30","1":"page","2":"type-page","3":"status-publish","5":"entry"},"yoast_head":"<!-- This site is optimized with the Yoast SEO plugin v27.4 - https:\/\/yoast.com\/product\/yoast-seo-wordpress\/ -->\n<title>Cuadernos Violetas<\/title>\n<meta name=\"description\" content=\"La iniciativa \u201c Cuadernos Violetas \u201d la pone en marcha el Grupo de Trabajo Mujer Joven, del Consejo de la Juventud de Extremadura.\" \/>\n<meta name=\"robots\" content=\"index, follow, max-snippet:-1, max-image-preview:large, max-video-preview:-1\" \/>\n<link rel=\"canonical\" href=\"https:\/\/cuadernosvioletas.cjex.org\/\" \/>\n<meta property=\"og:locale\" content=\"es_ES\" \/>\n<meta property=\"og:type\" content=\"article\" \/>\n<meta property=\"og:title\" content=\"Cuadernos Violetas\" \/>\n<meta property=\"og:description\" content=\"La iniciativa \u201c Cuadernos Violetas \u201d la pone en marcha el Grupo de Trabajo Mujer Joven, del Consejo de la Juventud de Extremadura.\" \/>\n<meta property=\"og:url\" content=\"https:\/\/cuadernosvioletas.cjex.org\/\" \/>\n<meta property=\"og:site_name\" content=\"Cuadernos Violetas\" \/>\n<meta property=\"article:publisher\" content=\"https:\/\/www.facebook.com\/consejo.juventudextremadura\" \/>\n<meta property=\"article:modified_time\" content=\"2016-10-10T08:52:46+00:00\" \/>\n<meta property=\"og:image\" content=\"https:\/\/cuadernosvioletas.cjex.org\/wp-content\/uploads\/2016\/07\/cropped-web-CV-e1475833599239.png\" \/>\n<meta name=\"twitter:card\" content=\"summary_large_image\" \/>\n<meta name=\"twitter:site\" content=\"@_cjex_\" \/>\n<meta name=\"twitter:label1\" content=\"Tiempo de lectura\" \/>\n\t<meta name=\"twitter:data1\" content=\"2 minutos\" \/>\n<script type=\"application\/ld+json\" class=\"yoast-schema-graph\">{\"@context\":\"https:\\\/\\\/schema.org\",\"@graph\":[{\"@type\":\"WebPage\",\"@id\":\"https:\\\/\\\/cuadernosvioletas.cjex.org\\\/\",\"url\":\"https:\\\/\\\/cuadernosvioletas.cjex.org\\\/\",\"name\":\"Cuadernos Violetas\",\"isPartOf\":{\"@id\":\"https:\\\/\\\/cuadernosvioletas.cjex.org\\\/#website\"},\"primaryImageOfPage\":{\"@id\":\"https:\\\/\\\/cuadernosvioletas.cjex.org\\\/#primaryimage\"},\"image\":{\"@id\":\"https:\\\/\\\/cuadernosvioletas.cjex.org\\\/#primaryimage\"},\"thumbnailUrl\":\"https:\\\/\\\/cuadernosvioletas.cjex.org\\\/wp-content\\\/uploads\\\/2016\\\/07\\\/cropped-web-CV-e1475833599239.png\",\"datePublished\":\"2016-07-21T09:34:06+00:00\",\"dateModified\":\"2016-10-10T08:52:46+00:00\",\"description\":\"La iniciativa \u201c Cuadernos Violetas \u201d la pone en marcha el Grupo de Trabajo Mujer Joven, del Consejo de la Juventud de Extremadura.\",\"breadcrumb\":{\"@id\":\"https:\\\/\\\/cuadernosvioletas.cjex.org\\\/#breadcrumb\"},\"inLanguage\":\"es\",\"potentialAction\":[{\"@type\":\"ReadAction\",\"target\":[\"https:\\\/\\\/cuadernosvioletas.cjex.org\\\/\"]}]},{\"@type\":\"ImageObject\",\"inLanguage\":\"es\",\"@id\":\"https:\\\/\\\/cuadernosvioletas.cjex.org\\\/#primaryimage\",\"url\":\"https:\\\/\\\/cuadernosvioletas.cjex.org\\\/wp-content\\\/uploads\\\/2016\\\/07\\\/cropped-web-CV-512x250.png\",\"contentUrl\":\"https:\\\/\\\/cuadernosvioletas.cjex.org\\\/wp-content\\\/uploads\\\/2016\\\/07\\\/cropped-web-CV-512x250.png\",\"width\":500,\"height\":500,\"caption\":\"Cuadernos Violetas\"},{\"@type\":\"BreadcrumbList\",\"@id\":\"https:\\\/\\\/cuadernosvioletas.cjex.org\\\/#breadcrumb\",\"itemListElement\":[{\"@type\":\"ListItem\",\"position\":1,\"name\":\"Portada\",\"item\":\"https:\\\/\\\/cuadernosvioletas.cjex.org\\\/\"},{\"@type\":\"ListItem\",\"position\":2,\"name\":\"Cuadernos Violetas\"}]},{\"@type\":\"WebSite\",\"@id\":\"https:\\\/\\\/cuadernosvioletas.cjex.org\\\/#website\",\"url\":\"https:\\\/\\\/cuadernosvioletas.cjex.org\\\/\",\"name\":\"Cuadernos Violetas\",\"description\":\"El Grupo de Trabajo Mujer Joven del Consejo de la Juventud de Extremadura inicia el 8 de marzo, con motivo del D\u00eda Internacional de la Mujer, una campa\u00f1a para visibilizar las formas ocultas de violencia sobre la mujer. El proyecto culminar\u00e1 el 25 de noviembre, D\u00eda Internacional contra la violencia de g\u00e9nero. El proyecto consiste en recopilar en unas libretas espec\u00edficas aquellas circunstancias de acoso o de fases incipientes de violencia de g\u00e9nero sufridas por las extreme\u00f1as.\",\"publisher\":{\"@id\":\"https:\\\/\\\/cuadernosvioletas.cjex.org\\\/#organization\"},\"potentialAction\":[{\"@type\":\"SearchAction\",\"target\":{\"@type\":\"EntryPoint\",\"urlTemplate\":\"https:\\\/\\\/cuadernosvioletas.cjex.org\\\/?s={search_term_string}\"},\"query-input\":{\"@type\":\"PropertyValueSpecification\",\"valueRequired\":true,\"valueName\":\"search_term_string\"}}],\"inLanguage\":\"es\"},{\"@type\":\"Organization\",\"@id\":\"https:\\\/\\\/cuadernosvioletas.cjex.org\\\/#organization\",\"name\":\"Consejo de la Juventud de Extremadura - CJEx\",\"url\":\"https:\\\/\\\/cuadernosvioletas.cjex.org\\\/\",\"logo\":{\"@type\":\"ImageObject\",\"inLanguage\":\"es\",\"@id\":\"https:\\\/\\\/cuadernosvioletas.cjex.org\\\/#\\\/schema\\\/logo\\\/image\\\/\",\"url\":\"https:\\\/\\\/cuadernosvioletas.cjex.org\\\/wp-content\\\/uploads\\\/2016\\\/10\\\/logo-cjex-300x250.png\",\"contentUrl\":\"https:\\\/\\\/cuadernosvioletas.cjex.org\\\/wp-content\\\/uploads\\\/2016\\\/10\\\/logo-cjex-300x250.png\",\"width\":300,\"height\":265,\"caption\":\"Consejo de la Juventud de Extremadura - CJEx\"},\"image\":{\"@id\":\"https:\\\/\\\/cuadernosvioletas.cjex.org\\\/#\\\/schema\\\/logo\\\/image\\\/\"},\"sameAs\":[\"https:\\\/\\\/www.facebook.com\\\/consejo.juventudextremadura\",\"https:\\\/\\\/x.com\\\/_cjex_\",\"https:\\\/\\\/www.instagram.com\\\/_cjex_\\\/\",\"https:\\\/\\\/www.youtube.com\\\/channel\\\/UCwr3bP9ZbduuRLL8EftcWwA\"]}]}<\/script>\n<!-- \/ Yoast SEO plugin. -->","yoast_head_json":{"title":"Cuadernos Violetas","description":"La iniciativa \u201c Cuadernos Violetas \u201d la pone en marcha el Grupo de Trabajo Mujer Joven, del Consejo de la Juventud de Extremadura.","robots":{"index":"index","follow":"follow","max-snippet":"max-snippet:-1","max-image-preview":"max-image-preview:large","max-video-preview":"max-video-preview:-1"},"canonical":"https:\/\/cuadernosvioletas.cjex.org\/","og_locale":"es_ES","og_type":"article","og_title":"Cuadernos Violetas","og_description":"La iniciativa \u201c Cuadernos Violetas \u201d la pone en marcha el Grupo de Trabajo Mujer Joven, del Consejo de la Juventud de Extremadura.","og_url":"https:\/\/cuadernosvioletas.cjex.org\/","og_site_name":"Cuadernos Violetas","article_publisher":"https:\/\/www.facebook.com\/consejo.juventudextremadura","article_modified_time":"2016-10-10T08:52:46+00:00","og_image":[{"url":"https:\/\/cuadernosvioletas.cjex.org\/wp-content\/uploads\/2016\/07\/cropped-web-CV-e1475833599239.png","type":"","width":"","height":""}],"twitter_card":"summary_large_image","twitter_site":"@_cjex_","twitter_misc":{"Tiempo de lectura":"2 minutos"},"schema":{"@context":"https:\/\/schema.org","@graph":[{"@type":"WebPage","@id":"https:\/\/cuadernosvioletas.cjex.org\/","url":"https:\/\/cuadernosvioletas.cjex.org\/","name":"Cuadernos Violetas","isPartOf":{"@id":"https:\/\/cuadernosvioletas.cjex.org\/#website"},"primaryImageOfPage":{"@id":"https:\/\/cuadernosvioletas.cjex.org\/#primaryimage"},"image":{"@id":"https:\/\/cuadernosvioletas.cjex.org\/#primaryimage"},"thumbnailUrl":"https:\/\/cuadernosvioletas.cjex.org\/wp-content\/uploads\/2016\/07\/cropped-web-CV-e1475833599239.png","datePublished":"2016-07-21T09:34:06+00:00","dateModified":"2016-10-10T08:52:46+00:00","description":"La iniciativa \u201c Cuadernos Violetas \u201d la pone en marcha el Grupo de Trabajo Mujer Joven, del Consejo de la Juventud de Extremadura.","breadcrumb":{"@id":"https:\/\/cuadernosvioletas.cjex.org\/#breadcrumb"},"inLanguage":"es","potentialAction":[{"@type":"ReadAction","target":["https:\/\/cuadernosvioletas.cjex.org\/"]}]},{"@type":"ImageObject","inLanguage":"es","@id":"https:\/\/cuadernosvioletas.cjex.org\/#primaryimage","url":"https:\/\/cuadernosvioletas.cjex.org\/wp-content\/uploads\/2016\/07\/cropped-web-CV-512x250.png","contentUrl":"https:\/\/cuadernosvioletas.cjex.org\/wp-content\/uploads\/2016\/07\/cropped-web-CV-512x250.png","width":500,"height":500,"caption":"Cuadernos Violetas"},{"@type":"BreadcrumbList","@id":"https:\/\/cuadernosvioletas.cjex.org\/#breadcrumb","itemListElement":[{"@type":"ListItem","position":1,"name":"Portada","item":"https:\/\/cuadernosvioletas.cjex.org\/"},{"@type":"ListItem","position":2,"name":"Cuadernos Violetas"}]},{"@type":"WebSite","@id":"https:\/\/cuadernosvioletas.cjex.org\/#website","url":"https:\/\/cuadernosvioletas.cjex.org\/","name":"Cuadernos Violetas","description":"El Grupo de Trabajo Mujer Joven del Consejo de la Juventud de Extremadura inicia el 8 de marzo, con motivo del D\u00eda Internacional de la Mujer, una campa\u00f1a para visibilizar las formas ocultas de violencia sobre la mujer. El proyecto culminar\u00e1 el 25 de noviembre, D\u00eda Internacional contra la violencia de g\u00e9nero. El proyecto consiste en recopilar en unas libretas espec\u00edficas aquellas circunstancias de acoso o de fases incipientes de violencia de g\u00e9nero sufridas por las extreme\u00f1as.","publisher":{"@id":"https:\/\/cuadernosvioletas.cjex.org\/#organization"},"potentialAction":[{"@type":"SearchAction","target":{"@type":"EntryPoint","urlTemplate":"https:\/\/cuadernosvioletas.cjex.org\/?s={search_term_string}"},"query-input":{"@type":"PropertyValueSpecification","valueRequired":true,"valueName":"search_term_string"}}],"inLanguage":"es"},{"@type":"Organization","@id":"https:\/\/cuadernosvioletas.cjex.org\/#organization","name":"Consejo de la Juventud de Extremadura - CJEx","url":"https:\/\/cuadernosvioletas.cjex.org\/","logo":{"@type":"ImageObject","inLanguage":"es","@id":"https:\/\/cuadernosvioletas.cjex.org\/#\/schema\/logo\/image\/","url":"https:\/\/cuadernosvioletas.cjex.org\/wp-content\/uploads\/2016\/10\/logo-cjex-300x250.png","contentUrl":"https:\/\/cuadernosvioletas.cjex.org\/wp-content\/uploads\/2016\/10\/logo-cjex-300x250.png","width":300,"height":265,"caption":"Consejo de la Juventud de Extremadura - CJEx"},"image":{"@id":"https:\/\/cuadernosvioletas.cjex.org\/#\/schema\/logo\/image\/"},"sameAs":["https:\/\/www.facebook.com\/consejo.juventudextremadura","https:\/\/x.com\/_cjex_","https:\/\/www.instagram.com\/_cjex_\/","https:\/\/www.youtube.com\/channel\/UCwr3bP9ZbduuRLL8EftcWwA"]}]}},"_links":{"self":[{"href":"https:\/\/cuadernosvioletas.cjex.org\/index.php\/wp-json\/wp\/v2\/pages\/30","targetHints":{"allow":["GET"]}}],"collection":[{"href":"https:\/\/cuadernosvioletas.cjex.org\/index.php\/wp-json\/wp\/v2\/pages"}],"about":[{"href":"https:\/\/cuadernosvioletas.cjex.org\/index.php\/wp-json\/wp\/v2\/types\/page"}],"author":[{"embeddable":true,"href":"https:\/\/cuadernosvioletas.cjex.org\/index.php\/wp-json\/wp\/v2\/users\/4"}],"replies":[{"embeddable":true,"href":"https:\/\/cuadernosvioletas.cjex.org\/index.php\/wp-json\/wp\/v2\/comments?post=30"}],"version-history":[{"count":19,"href":"https:\/\/cuadernosvioletas.cjex.org\/index.php\/wp-json\/wp\/v2\/pages\/30\/revisions"}],"predecessor-version":[{"id":281,"href":"https:\/\/cuadernosvioletas.cjex.org\/index.php\/wp-json\/wp\/v2\/pages\/30\/revisions\/281"}],"wp:attachment":[{"href":"https:\/\/cuadernosvioletas.cjex.org\/index.php\/wp-json\/wp\/v2\/media?parent=30"}],"curies":[{"name":"wp","href":"https:\/\/api.w.org\/{rel}","templated":true}]}}