{"id":126,"date":"2016-08-02T19:28:03","date_gmt":"2016-08-02T17:28:03","guid":{"rendered":"http:\/\/cuadernosvioletas.cjex.org\/?page_id=126"},"modified":"2016-10-07T11:03:27","modified_gmt":"2016-10-07T09:03:27","slug":"comparte-tu-historia-violeta","status":"publish","type":"page","link":"https:\/\/cuadernosvioletas.cjex.org\/index.php\/comparte-tu-historia-violeta\/","title":{"rendered":"Comparte tu historia Violeta"},"content":{"rendered":"<p style=\"text-align: justify;\">Este es nuestro Cuaderno Violeta online. Aqu\u00ed puedes escribir, de manera an\u00f3nima, experiencias de discriminaci\u00f3n hacia la mujer, de acoso callejero, de micromachismos\u2026 Tal vez las hayas sufrido t\u00fa, o tu amiga, o tu vecina, o tu hermana\u2026 O quiz\u00e1 seas un chico y hayas presenciado alguna\u2026 Tan s\u00f3lo tienes que poner la edad de la mujer cuando ocurri\u00f3. Seguro que, leyendo estos ejemplos, se te venga alguna a la cabeza\u2026<\/p>\n<div class=\"well well  \">\n<p><em><i class=\" glyphicon glyphicon-ok \" style=\"\"><\/i> \u201cLa gente no entend\u00eda que fuese de viaje unos d\u00edas sin mi novio. Y cuando digo gente incluyo a mis amigas, a gente de mi generaci\u00f3n\u2026\u201d. 26 a\u00f1os.<\/em><\/p>\n<p><em><i class=\" glyphicon glyphicon-ok \" style=\"\"><\/i> \u201cEn el instituto, mi amiga era de las que pensaba que en el coche siempre ten\u00eda que ser \u00e9l el que condujese, y que era una verg\u00fcenza lo contrario, que ella estuviera al volante y \u00e9l al lado. Despu\u00e9s tambi\u00e9n sigui\u00f3 con esa idea.\u201d 17 a\u00f1os.<\/em><\/p>\n<p><em><i class=\" glyphicon glyphicon-ok \" style=\"\"><\/i> \u201cHe escuchado varias veces a amigas y conocidas de m\u00e1s o menos la misma edad que yo que la casa no la lleva igual una mujer que un hombre. A parte de eso, no comprenden que alguna vez que yo salga se quede mi hija con su padre, puesto que cuando ellas salen dejan a sus hijos con los abuelos antes que con el padre. Y, evidentemente, les sorprende que yo haga algo as\u00ed\u201d. 30 a\u00f1os.<\/em><\/p>\n<p><em><i class=\" glyphicon glyphicon-ok \" style=\"\"><\/i> \u201cNo s\u00e9 cu\u00e1ntas veces, en las discotecas y pubs en los que hab\u00eda mucha gente, he notado que me tocaban el culo. Al volverme tan s\u00f3lo me encontraba a un grupo de t\u00edos con sonrisa est\u00fapida y con la impotencia de que se creyeran con derecho a ello\u201d. Desde los 16 a\u00f1os.<\/em><\/p>\n<p><em><i class=\" glyphicon glyphicon-ok \" style=\"\"><\/i> \u201cEn una entrevista de trabajo me preguntaron que si era madre, y que qu\u00e9 pensaba hacer yo con mi hija.\u201d 32 a\u00f1os.<\/em><\/p>\n<p><em><i class=\" glyphicon glyphicon-ok \" style=\"\"><\/i> \u201cFui a abrir una cuenta en el banco con mi pareja. El banquero tan s\u00f3lo se dirig\u00eda a \u00e9l, yo como si fuese invisible\u201d. 28 a\u00f1os.<\/em><\/p>\n<p style=\"text-align: justify;\"><\/div>\n<p style=\"text-align: justify;\"><div class=\"well well2  \">\n<p style=\"text-align: justify;\">\n<div class=\"wpcf7 no-js\" id=\"wpcf7-f231-o1\" lang=\"es-ES\" dir=\"ltr\" data-wpcf7-id=\"231\">\n<div class=\"screen-reader-response\"><p role=\"status\" aria-live=\"polite\" aria-atomic=\"true\"><\/p> <ul><\/ul><\/div>\n<form action=\"\/index.php\/wp-json\/wp\/v2\/pages\/126#wpcf7-f231-o1\" method=\"post\" class=\"wpcf7-form init\" aria-label=\"Formulario de contacto\" novalidate=\"novalidate\" data-status=\"init\">\n<fieldset class=\"hidden-fields-container\"><input type=\"hidden\" name=\"_wpcf7\" value=\"231\" \/><input type=\"hidden\" name=\"_wpcf7_version\" value=\"6.1.5\" \/><input type=\"hidden\" name=\"_wpcf7_locale\" value=\"es_ES\" \/><input type=\"hidden\" name=\"_wpcf7_unit_tag\" value=\"wpcf7-f231-o1\" \/><input type=\"hidden\" name=\"_wpcf7_container_post\" value=\"0\" \/><input type=\"hidden\" name=\"_wpcf7_posted_data_hash\" value=\"\" \/>\n<\/fieldset>\n<p><label> Situaci\u00f3n sexista<br \/>\n<span class=\"wpcf7-form-control-wrap\" data-name=\"your-message\"><textarea cols=\"40\" rows=\"10\" maxlength=\"2000\" class=\"wpcf7-form-control wpcf7-textarea\" aria-invalid=\"false\" name=\"your-message\"><\/textarea><\/span> <\/label>\n<\/p>\n<p><input class=\"wpcf7-form-control wpcf7-submit has-spinner\" type=\"submit\" value=\"Enviar\" \/>\n<\/p><p style=\"display: none !important;\" class=\"akismet-fields-container\" data-prefix=\"_wpcf7_ak_\"><label>&#916;<textarea name=\"_wpcf7_ak_hp_textarea\" cols=\"45\" rows=\"8\" maxlength=\"100\"><\/textarea><\/label><input type=\"hidden\" id=\"ak_js_1\" name=\"_wpcf7_ak_js\" value=\"68\"\/><script>document.getElementById( \"ak_js_1\" ).setAttribute( \"value\", ( new Date() ).getTime() );<\/script><\/p><div class=\"wpcf7-response-output\" aria-hidden=\"true\"><\/div>\n<\/form>\n<\/div>\n\n<p style=\"text-align: justify;\"><\/div>\n","protected":false},"excerpt":{"rendered":"<p>Este es nuestro Cuaderno Violeta online. Aqu\u00ed puedes escribir, de manera an\u00f3nima, experiencias de discriminaci\u00f3n hacia la mujer, de acoso callejero, de micromachismos\u2026 Tal vez las hayas sufrido t\u00fa, o tu amiga, o tu vecina, o tu hermana\u2026 O quiz\u00e1 seas un chico y hayas presenciado alguna\u2026 Tan s\u00f3lo tienes que poner la edad de [&hellip;]<\/p>\n","protected":false},"author":4,"featured_media":0,"parent":0,"menu_order":0,"comment_status":"closed","ping_status":"closed","template":"","meta":{"footnotes":""},"class_list":{"0":"post-126","1":"page","2":"type-page","3":"status-publish","5":"entry"},"yoast_head":"<!-- This site is optimized with the Yoast SEO plugin v27.4 - https:\/\/yoast.com\/product\/yoast-seo-wordpress\/ -->\n<title>Comparte tu historia Violeta - Cuadernos Violetas<\/title>\n<meta name=\"description\" content=\"Este es nuestro Cuaderno Violeta online. Aqu\u00ed puedes escribir, de manera an\u00f3nima, experiencias de discriminaci\u00f3n hacia la mujer, de acoso callejero...\" \/>\n<meta name=\"robots\" content=\"index, follow, max-snippet:-1, max-image-preview:large, max-video-preview:-1\" \/>\n<link rel=\"canonical\" href=\"https:\/\/cuadernosvioletas.cjex.org\/index.php\/comparte-tu-historia-violeta\/\" \/>\n<meta property=\"og:locale\" content=\"es_ES\" \/>\n<meta property=\"og:type\" content=\"article\" \/>\n<meta property=\"og:title\" content=\"Comparte tu historia Violeta - Cuadernos Violetas\" \/>\n<meta property=\"og:description\" content=\"Este es nuestro Cuaderno Violeta online. Aqu\u00ed puedes escribir, de manera an\u00f3nima, experiencias de discriminaci\u00f3n hacia la mujer, de acoso callejero...\" \/>\n<meta property=\"og:url\" content=\"https:\/\/cuadernosvioletas.cjex.org\/index.php\/comparte-tu-historia-violeta\/\" \/>\n<meta property=\"og:site_name\" content=\"Cuadernos Violetas\" \/>\n<meta property=\"article:publisher\" content=\"https:\/\/www.facebook.com\/consejo.juventudextremadura\" \/>\n<meta property=\"article:modified_time\" content=\"2016-10-07T09:03:27+00:00\" \/>\n<meta name=\"twitter:card\" content=\"summary_large_image\" \/>\n<meta name=\"twitter:site\" content=\"@_cjex_\" \/>\n<meta name=\"twitter:label1\" content=\"Tiempo de lectura\" \/>\n\t<meta name=\"twitter:data1\" content=\"2 minutos\" \/>\n<script type=\"application\/ld+json\" class=\"yoast-schema-graph\">{\"@context\":\"https:\\\/\\\/schema.org\",\"@graph\":[{\"@type\":\"WebPage\",\"@id\":\"https:\\\/\\\/cuadernosvioletas.cjex.org\\\/index.php\\\/comparte-tu-historia-violeta\\\/\",\"url\":\"https:\\\/\\\/cuadernosvioletas.cjex.org\\\/index.php\\\/comparte-tu-historia-violeta\\\/\",\"name\":\"Comparte tu historia Violeta - Cuadernos Violetas\",\"isPartOf\":{\"@id\":\"https:\\\/\\\/cuadernosvioletas.cjex.org\\\/#website\"},\"datePublished\":\"2016-08-02T17:28:03+00:00\",\"dateModified\":\"2016-10-07T09:03:27+00:00\",\"description\":\"Este es nuestro Cuaderno Violeta online. Aqu\u00ed puedes escribir, de manera an\u00f3nima, experiencias de discriminaci\u00f3n hacia la mujer, de acoso callejero...\",\"breadcrumb\":{\"@id\":\"https:\\\/\\\/cuadernosvioletas.cjex.org\\\/index.php\\\/comparte-tu-historia-violeta\\\/#breadcrumb\"},\"inLanguage\":\"es\",\"potentialAction\":[{\"@type\":\"ReadAction\",\"target\":[\"https:\\\/\\\/cuadernosvioletas.cjex.org\\\/index.php\\\/comparte-tu-historia-violeta\\\/\"]}]},{\"@type\":\"BreadcrumbList\",\"@id\":\"https:\\\/\\\/cuadernosvioletas.cjex.org\\\/index.php\\\/comparte-tu-historia-violeta\\\/#breadcrumb\",\"itemListElement\":[{\"@type\":\"ListItem\",\"position\":1,\"name\":\"Portada\",\"item\":\"https:\\\/\\\/cuadernosvioletas.cjex.org\\\/\"},{\"@type\":\"ListItem\",\"position\":2,\"name\":\"Comparte tu historia Violeta\"}]},{\"@type\":\"WebSite\",\"@id\":\"https:\\\/\\\/cuadernosvioletas.cjex.org\\\/#website\",\"url\":\"https:\\\/\\\/cuadernosvioletas.cjex.org\\\/\",\"name\":\"Cuadernos Violetas\",\"description\":\"El Grupo de Trabajo Mujer Joven del Consejo de la Juventud de Extremadura inicia el 8 de marzo, con motivo del D\u00eda Internacional de la Mujer, una campa\u00f1a para visibilizar las formas ocultas de violencia sobre la mujer. El proyecto culminar\u00e1 el 25 de noviembre, D\u00eda Internacional contra la violencia de g\u00e9nero. El proyecto consiste en recopilar en unas libretas espec\u00edficas aquellas circunstancias de acoso o de fases incipientes de violencia de g\u00e9nero sufridas por las extreme\u00f1as.\",\"publisher\":{\"@id\":\"https:\\\/\\\/cuadernosvioletas.cjex.org\\\/#organization\"},\"potentialAction\":[{\"@type\":\"SearchAction\",\"target\":{\"@type\":\"EntryPoint\",\"urlTemplate\":\"https:\\\/\\\/cuadernosvioletas.cjex.org\\\/?s={search_term_string}\"},\"query-input\":{\"@type\":\"PropertyValueSpecification\",\"valueRequired\":true,\"valueName\":\"search_term_string\"}}],\"inLanguage\":\"es\"},{\"@type\":\"Organization\",\"@id\":\"https:\\\/\\\/cuadernosvioletas.cjex.org\\\/#organization\",\"name\":\"Consejo de la Juventud de Extremadura - CJEx\",\"url\":\"https:\\\/\\\/cuadernosvioletas.cjex.org\\\/\",\"logo\":{\"@type\":\"ImageObject\",\"inLanguage\":\"es\",\"@id\":\"https:\\\/\\\/cuadernosvioletas.cjex.org\\\/#\\\/schema\\\/logo\\\/image\\\/\",\"url\":\"https:\\\/\\\/cuadernosvioletas.cjex.org\\\/wp-content\\\/uploads\\\/2016\\\/10\\\/logo-cjex-300x250.png\",\"contentUrl\":\"https:\\\/\\\/cuadernosvioletas.cjex.org\\\/wp-content\\\/uploads\\\/2016\\\/10\\\/logo-cjex-300x250.png\",\"width\":300,\"height\":265,\"caption\":\"Consejo de la Juventud de Extremadura - CJEx\"},\"image\":{\"@id\":\"https:\\\/\\\/cuadernosvioletas.cjex.org\\\/#\\\/schema\\\/logo\\\/image\\\/\"},\"sameAs\":[\"https:\\\/\\\/www.facebook.com\\\/consejo.juventudextremadura\",\"https:\\\/\\\/x.com\\\/_cjex_\",\"https:\\\/\\\/www.instagram.com\\\/_cjex_\\\/\",\"https:\\\/\\\/www.youtube.com\\\/channel\\\/UCwr3bP9ZbduuRLL8EftcWwA\"]}]}<\/script>\n<!-- \/ Yoast SEO plugin. -->","yoast_head_json":{"title":"Comparte tu historia Violeta - Cuadernos Violetas","description":"Este es nuestro Cuaderno Violeta online. Aqu\u00ed puedes escribir, de manera an\u00f3nima, experiencias de discriminaci\u00f3n hacia la mujer, de acoso callejero...","robots":{"index":"index","follow":"follow","max-snippet":"max-snippet:-1","max-image-preview":"max-image-preview:large","max-video-preview":"max-video-preview:-1"},"canonical":"https:\/\/cuadernosvioletas.cjex.org\/index.php\/comparte-tu-historia-violeta\/","og_locale":"es_ES","og_type":"article","og_title":"Comparte tu historia Violeta - Cuadernos Violetas","og_description":"Este es nuestro Cuaderno Violeta online. Aqu\u00ed puedes escribir, de manera an\u00f3nima, experiencias de discriminaci\u00f3n hacia la mujer, de acoso callejero...","og_url":"https:\/\/cuadernosvioletas.cjex.org\/index.php\/comparte-tu-historia-violeta\/","og_site_name":"Cuadernos Violetas","article_publisher":"https:\/\/www.facebook.com\/consejo.juventudextremadura","article_modified_time":"2016-10-07T09:03:27+00:00","twitter_card":"summary_large_image","twitter_site":"@_cjex_","twitter_misc":{"Tiempo de lectura":"2 minutos"},"schema":{"@context":"https:\/\/schema.org","@graph":[{"@type":"WebPage","@id":"https:\/\/cuadernosvioletas.cjex.org\/index.php\/comparte-tu-historia-violeta\/","url":"https:\/\/cuadernosvioletas.cjex.org\/index.php\/comparte-tu-historia-violeta\/","name":"Comparte tu historia Violeta - Cuadernos Violetas","isPartOf":{"@id":"https:\/\/cuadernosvioletas.cjex.org\/#website"},"datePublished":"2016-08-02T17:28:03+00:00","dateModified":"2016-10-07T09:03:27+00:00","description":"Este es nuestro Cuaderno Violeta online. Aqu\u00ed puedes escribir, de manera an\u00f3nima, experiencias de discriminaci\u00f3n hacia la mujer, de acoso callejero...","breadcrumb":{"@id":"https:\/\/cuadernosvioletas.cjex.org\/index.php\/comparte-tu-historia-violeta\/#breadcrumb"},"inLanguage":"es","potentialAction":[{"@type":"ReadAction","target":["https:\/\/cuadernosvioletas.cjex.org\/index.php\/comparte-tu-historia-violeta\/"]}]},{"@type":"BreadcrumbList","@id":"https:\/\/cuadernosvioletas.cjex.org\/index.php\/comparte-tu-historia-violeta\/#breadcrumb","itemListElement":[{"@type":"ListItem","position":1,"name":"Portada","item":"https:\/\/cuadernosvioletas.cjex.org\/"},{"@type":"ListItem","position":2,"name":"Comparte tu historia Violeta"}]},{"@type":"WebSite","@id":"https:\/\/cuadernosvioletas.cjex.org\/#website","url":"https:\/\/cuadernosvioletas.cjex.org\/","name":"Cuadernos Violetas","description":"El Grupo de Trabajo Mujer Joven del Consejo de la Juventud de Extremadura inicia el 8 de marzo, con motivo del D\u00eda Internacional de la Mujer, una campa\u00f1a para visibilizar las formas ocultas de violencia sobre la mujer. El proyecto culminar\u00e1 el 25 de noviembre, D\u00eda Internacional contra la violencia de g\u00e9nero. El proyecto consiste en recopilar en unas libretas espec\u00edficas aquellas circunstancias de acoso o de fases incipientes de violencia de g\u00e9nero sufridas por las extreme\u00f1as.","publisher":{"@id":"https:\/\/cuadernosvioletas.cjex.org\/#organization"},"potentialAction":[{"@type":"SearchAction","target":{"@type":"EntryPoint","urlTemplate":"https:\/\/cuadernosvioletas.cjex.org\/?s={search_term_string}"},"query-input":{"@type":"PropertyValueSpecification","valueRequired":true,"valueName":"search_term_string"}}],"inLanguage":"es"},{"@type":"Organization","@id":"https:\/\/cuadernosvioletas.cjex.org\/#organization","name":"Consejo de la Juventud de Extremadura - CJEx","url":"https:\/\/cuadernosvioletas.cjex.org\/","logo":{"@type":"ImageObject","inLanguage":"es","@id":"https:\/\/cuadernosvioletas.cjex.org\/#\/schema\/logo\/image\/","url":"https:\/\/cuadernosvioletas.cjex.org\/wp-content\/uploads\/2016\/10\/logo-cjex-300x250.png","contentUrl":"https:\/\/cuadernosvioletas.cjex.org\/wp-content\/uploads\/2016\/10\/logo-cjex-300x250.png","width":300,"height":265,"caption":"Consejo de la Juventud de Extremadura - CJEx"},"image":{"@id":"https:\/\/cuadernosvioletas.cjex.org\/#\/schema\/logo\/image\/"},"sameAs":["https:\/\/www.facebook.com\/consejo.juventudextremadura","https:\/\/x.com\/_cjex_","https:\/\/www.instagram.com\/_cjex_\/","https:\/\/www.youtube.com\/channel\/UCwr3bP9ZbduuRLL8EftcWwA"]}]}},"_links":{"self":[{"href":"https:\/\/cuadernosvioletas.cjex.org\/index.php\/wp-json\/wp\/v2\/pages\/126","targetHints":{"allow":["GET"]}}],"collection":[{"href":"https:\/\/cuadernosvioletas.cjex.org\/index.php\/wp-json\/wp\/v2\/pages"}],"about":[{"href":"https:\/\/cuadernosvioletas.cjex.org\/index.php\/wp-json\/wp\/v2\/types\/page"}],"author":[{"embeddable":true,"href":"https:\/\/cuadernosvioletas.cjex.org\/index.php\/wp-json\/wp\/v2\/users\/4"}],"replies":[{"embeddable":true,"href":"https:\/\/cuadernosvioletas.cjex.org\/index.php\/wp-json\/wp\/v2\/comments?post=126"}],"version-history":[{"count":20,"href":"https:\/\/cuadernosvioletas.cjex.org\/index.php\/wp-json\/wp\/v2\/pages\/126\/revisions"}],"predecessor-version":[{"id":242,"href":"https:\/\/cuadernosvioletas.cjex.org\/index.php\/wp-json\/wp\/v2\/pages\/126\/revisions\/242"}],"wp:attachment":[{"href":"https:\/\/cuadernosvioletas.cjex.org\/index.php\/wp-json\/wp\/v2\/media?parent=126"}],"curies":[{"name":"wp","href":"https:\/\/api.w.org\/{rel}","templated":true}]}}