{"id":105,"date":"2016-08-01T23:21:03","date_gmt":"2016-08-01T21:21:03","guid":{"rendered":"http:\/\/cuadernosvioletas.cjex.org\/?page_id=105"},"modified":"2016-10-07T11:26:26","modified_gmt":"2016-10-07T09:26:26","slug":"el-proyecto","status":"publish","type":"page","link":"https:\/\/cuadernosvioletas.cjex.org\/index.php\/el-proyecto\/","title":{"rendered":"El Proyecto"},"content":{"rendered":"<p style=\"text-align: justify;\"><a href=\"https:\/\/cuadernosvioletas.cjex.org\/wp-content\/uploads\/2016\/08\/portada_cv-e1470087049794.jpg\" target=\"_blank\"><img loading=\"lazy\" decoding=\"async\" class=\"alignright wp-image-110\" title=\"Portada\" src=\"https:\/\/cuadernosvioletas.cjex.org\/wp-content\/uploads\/2016\/08\/portada_cv-e1470087049794.jpg\" alt=\"portada_cv\" width=\"320\" height=\"453\" \/><\/a>La iniciativa \u201c<em>Cuadernos Violetas<\/em>\u201d la pone en marcha el Grupo de Trabajo Mujer Joven, del Consejo de la Juventud de Extremadura, tras darse cuenta de la falta de visibilidad que toman distintos tipos de violencia contra la mujer.<\/p>\n<p style=\"text-align: justify;\">Ante la pregunta \u201c\u00bf<em>Has sufrido alguna vez una conducta de acoso o violencia por parte de personas desconocidas, tu pareja o expareja, que no est\u00e9 tipificada<\/em>?\u201d Una gran parte de mujeres j\u00f3venes responde \u201c<em>NO<\/em>\u201d.<\/p>\n<p style=\"text-align: justify;\">El problema viene despu\u00e9s. Surge cuando al exponer un ejemplo de dichas conductas, esas mismas mujeres que hab\u00edan contestado \u201c<em>NO<\/em>\u201d, te responden: \u201c<em>Ah. \u00bfEso? Eso, s\u00ed<\/em>\u201d. Y hasta llegan a hacerte una lista de vivencias concretas.<\/p>\n<p style=\"text-align: justify;\">Las mismas v\u00edctimas, a veces, no son conscientes de que han vivido o pueden estar viviendo una situaci\u00f3n de este tipo. Y esto es as\u00ed porque la sociedad normaliza estos comportamientos. Son peque\u00f1as formas de violencia cotidianas, que tienen un objetivo com\u00fan: degradar a la mujer, de tal manera ella ya acepta como propia esa situaci\u00f3n, y no la considera un ataque contra sus derechos.<\/p>\n<p style=\"text-align: justify;\">Para ayudar a identificar este tipo de conductas, el Grupo de Trabajo Mujer Joven del CJEX crea este proyecto para la difusi\u00f3n de los denominados \u201c<em>Cuadernos Violetas<\/em>\u201d.<\/p>\n<p style=\"text-align: justify;\">Son cuadernos espec\u00edficos, repartidos a personal especializado que va a colaborar en la difusi\u00f3n de esta iniciativa para que toda aquella mujer que lo desee puede escribir, de forma an\u00f3nima, alguna experiencia de acoso o discriminaci\u00f3n machista sufrida por ella misma, incluyendo la edad en la que tuvo lugar.<a href=\"https:\/\/cuadernosvioletas.cjex.org\/wp-content\/uploads\/2016\/09\/iceberg-violencia-genero.jpg\" target=\"_blank\"><img loading=\"lazy\" decoding=\"async\" class=\"alignright\" title=\"Iceberg\" src=\"https:\/\/cuadernosvioletas.cjex.org\/wp-content\/uploads\/2016\/09\/iceberg-violencia-genero.jpg\" width=\"320\" height=\"453\" \/><\/a><\/p>\n<p style=\"text-align: justify;\">El cuaderno abre con un par de ejemplos escritos a mano por cada una de las componentes del Grupo de Trabajo Mujer Joven del CJEx, para mostrar qu\u00e9 tipo de conductas se pretende recoger. Ser\u00e1n comportamientos centrados en acoso callejero, en micro-machismos e incluso situaciones que se manifiestan en las primeras fases de violencia de g\u00e9nero, todas ellas sutiles formas de control sobre la mujer, que servir\u00e1n para hacer visible y concienciar sobre este tema.<\/p>\n<p style=\"text-align: justify;\">El Grupo de Trabajo Mujer Joven del CJEx es consciente de que solamente con el formato f\u00edsico del cuaderno ser\u00eda complicado recopilar un gran n\u00famero de testimonios y llegar a muchos territorios y espacios. Por eso, para conectar con el mayor n\u00famero de personas posible, el proyecto no s\u00f3lo est\u00e1 centrado en los cuadernos f\u00edsicos, sino que tambi\u00e9n hay un \u201c<em>Cuaderno Violeta online<\/em>\u201d.<\/p>\n<p style=\"text-align: justify;\">El proyecto comenz\u00f3 el 8 de marzo, coincidiendo con el D\u00eda Internacional de la Mujer. Los Cuadernos Violetas seguir\u00e1n en circulaci\u00f3n hasta el pr\u00f3ximo 25 de noviembre, D\u00eda Internacional de la Eliminaci\u00f3n de la Violencia contra las Mujeres. Paralelamente, cada d\u00eda 8 el Grupo de Trabajo Mujer Joven del CJEx nombra a una Embajadora Violeta, una mujer distinguida por su lucha social y la defensa de los derechos de las mujeres.<\/p>\n","protected":false},"excerpt":{"rendered":"<p>La iniciativa \u201cCuadernos Violetas\u201d la pone en marcha el Grupo de Trabajo Mujer Joven, del Consejo de la Juventud de Extremadura, tras darse cuenta de la falta de visibilidad que toman distintos tipos de violencia contra la mujer. Ante la pregunta \u201c\u00bfHas sufrido alguna vez una conducta de acoso o violencia por parte de personas [&hellip;]<\/p>\n","protected":false},"author":4,"featured_media":0,"parent":0,"menu_order":0,"comment_status":"closed","ping_status":"closed","template":"","meta":{"footnotes":""},"class_list":{"0":"post-105","1":"page","2":"type-page","3":"status-publish","5":"entry"},"yoast_head":"<!-- This site is optimized with the Yoast SEO plugin v27.4 - https:\/\/yoast.com\/product\/yoast-seo-wordpress\/ -->\n<title>El Proyecto - Cuadernos Violetas<\/title>\n<meta name=\"description\" content=\"La iniciativa \u201cCuadernos Violetas\u201d la pone en marcha el Grupo de Trabajo Mujer Joven, del Consejo de la Juventud de Extremadura, tras darse cuenta de la falta de visibilidad que toman distintos tipos de violencia contra la mujer.\" \/>\n<meta name=\"robots\" content=\"index, follow, max-snippet:-1, max-image-preview:large, max-video-preview:-1\" \/>\n<link rel=\"canonical\" href=\"https:\/\/cuadernosvioletas.cjex.org\/index.php\/el-proyecto\/\" \/>\n<meta property=\"og:locale\" content=\"es_ES\" \/>\n<meta property=\"og:type\" content=\"article\" \/>\n<meta property=\"og:title\" content=\"El Proyecto - Cuadernos Violetas\" \/>\n<meta property=\"og:description\" content=\"La iniciativa \u201cCuadernos Violetas\u201d la pone en marcha el Grupo de Trabajo Mujer Joven, del Consejo de la Juventud de Extremadura, tras darse cuenta de la falta de visibilidad que toman distintos tipos de violencia contra la mujer.\" \/>\n<meta property=\"og:url\" content=\"https:\/\/cuadernosvioletas.cjex.org\/index.php\/el-proyecto\/\" \/>\n<meta property=\"og:site_name\" content=\"Cuadernos Violetas\" \/>\n<meta property=\"article:publisher\" content=\"https:\/\/www.facebook.com\/consejo.juventudextremadura\" \/>\n<meta property=\"article:modified_time\" content=\"2016-10-07T09:26:26+00:00\" \/>\n<meta property=\"og:image\" content=\"https:\/\/cuadernosvioletas.cjex.org\/wp-content\/uploads\/2016\/08\/portada_cv-e1470087049794.jpg\" \/>\n<meta name=\"twitter:card\" content=\"summary_large_image\" \/>\n<meta name=\"twitter:site\" content=\"@_cjex_\" \/>\n<meta name=\"twitter:label1\" content=\"Tiempo de lectura\" \/>\n\t<meta name=\"twitter:data1\" content=\"2 minutos\" \/>\n<script type=\"application\/ld+json\" class=\"yoast-schema-graph\">{\"@context\":\"https:\\\/\\\/schema.org\",\"@graph\":[{\"@type\":\"WebPage\",\"@id\":\"https:\\\/\\\/cuadernosvioletas.cjex.org\\\/index.php\\\/el-proyecto\\\/\",\"url\":\"https:\\\/\\\/cuadernosvioletas.cjex.org\\\/index.php\\\/el-proyecto\\\/\",\"name\":\"El Proyecto - Cuadernos Violetas\",\"isPartOf\":{\"@id\":\"https:\\\/\\\/cuadernosvioletas.cjex.org\\\/#website\"},\"primaryImageOfPage\":{\"@id\":\"https:\\\/\\\/cuadernosvioletas.cjex.org\\\/index.php\\\/el-proyecto\\\/#primaryimage\"},\"image\":{\"@id\":\"https:\\\/\\\/cuadernosvioletas.cjex.org\\\/index.php\\\/el-proyecto\\\/#primaryimage\"},\"thumbnailUrl\":\"https:\\\/\\\/cuadernosvioletas.cjex.org\\\/wp-content\\\/uploads\\\/2016\\\/08\\\/portada_cv-e1470087049794.jpg\",\"datePublished\":\"2016-08-01T21:21:03+00:00\",\"dateModified\":\"2016-10-07T09:26:26+00:00\",\"description\":\"La iniciativa \u201cCuadernos Violetas\u201d la pone en marcha el Grupo de Trabajo Mujer Joven, del Consejo de la Juventud de Extremadura, tras darse cuenta de la falta de visibilidad que toman distintos tipos de violencia contra la mujer.\",\"breadcrumb\":{\"@id\":\"https:\\\/\\\/cuadernosvioletas.cjex.org\\\/index.php\\\/el-proyecto\\\/#breadcrumb\"},\"inLanguage\":\"es\",\"potentialAction\":[{\"@type\":\"ReadAction\",\"target\":[\"https:\\\/\\\/cuadernosvioletas.cjex.org\\\/index.php\\\/el-proyecto\\\/\"]}]},{\"@type\":\"ImageObject\",\"inLanguage\":\"es\",\"@id\":\"https:\\\/\\\/cuadernosvioletas.cjex.org\\\/index.php\\\/el-proyecto\\\/#primaryimage\",\"url\":\"https:\\\/\\\/cuadernosvioletas.cjex.org\\\/wp-content\\\/uploads\\\/2016\\\/08\\\/portada_cv-980x250.jpg\",\"contentUrl\":\"https:\\\/\\\/cuadernosvioletas.cjex.org\\\/wp-content\\\/uploads\\\/2016\\\/08\\\/portada_cv-980x250.jpg\",\"width\":800,\"height\":1131},{\"@type\":\"BreadcrumbList\",\"@id\":\"https:\\\/\\\/cuadernosvioletas.cjex.org\\\/index.php\\\/el-proyecto\\\/#breadcrumb\",\"itemListElement\":[{\"@type\":\"ListItem\",\"position\":1,\"name\":\"Portada\",\"item\":\"https:\\\/\\\/cuadernosvioletas.cjex.org\\\/\"},{\"@type\":\"ListItem\",\"position\":2,\"name\":\"El Proyecto\"}]},{\"@type\":\"WebSite\",\"@id\":\"https:\\\/\\\/cuadernosvioletas.cjex.org\\\/#website\",\"url\":\"https:\\\/\\\/cuadernosvioletas.cjex.org\\\/\",\"name\":\"Cuadernos Violetas\",\"description\":\"El Grupo de Trabajo Mujer Joven del Consejo de la Juventud de Extremadura inicia el 8 de marzo, con motivo del D\u00eda Internacional de la Mujer, una campa\u00f1a para visibilizar las formas ocultas de violencia sobre la mujer. El proyecto culminar\u00e1 el 25 de noviembre, D\u00eda Internacional contra la violencia de g\u00e9nero. El proyecto consiste en recopilar en unas libretas espec\u00edficas aquellas circunstancias de acoso o de fases incipientes de violencia de g\u00e9nero sufridas por las extreme\u00f1as.\",\"publisher\":{\"@id\":\"https:\\\/\\\/cuadernosvioletas.cjex.org\\\/#organization\"},\"potentialAction\":[{\"@type\":\"SearchAction\",\"target\":{\"@type\":\"EntryPoint\",\"urlTemplate\":\"https:\\\/\\\/cuadernosvioletas.cjex.org\\\/?s={search_term_string}\"},\"query-input\":{\"@type\":\"PropertyValueSpecification\",\"valueRequired\":true,\"valueName\":\"search_term_string\"}}],\"inLanguage\":\"es\"},{\"@type\":\"Organization\",\"@id\":\"https:\\\/\\\/cuadernosvioletas.cjex.org\\\/#organization\",\"name\":\"Consejo de la Juventud de Extremadura - CJEx\",\"url\":\"https:\\\/\\\/cuadernosvioletas.cjex.org\\\/\",\"logo\":{\"@type\":\"ImageObject\",\"inLanguage\":\"es\",\"@id\":\"https:\\\/\\\/cuadernosvioletas.cjex.org\\\/#\\\/schema\\\/logo\\\/image\\\/\",\"url\":\"https:\\\/\\\/cuadernosvioletas.cjex.org\\\/wp-content\\\/uploads\\\/2016\\\/10\\\/logo-cjex-300x250.png\",\"contentUrl\":\"https:\\\/\\\/cuadernosvioletas.cjex.org\\\/wp-content\\\/uploads\\\/2016\\\/10\\\/logo-cjex-300x250.png\",\"width\":300,\"height\":265,\"caption\":\"Consejo de la Juventud de Extremadura - CJEx\"},\"image\":{\"@id\":\"https:\\\/\\\/cuadernosvioletas.cjex.org\\\/#\\\/schema\\\/logo\\\/image\\\/\"},\"sameAs\":[\"https:\\\/\\\/www.facebook.com\\\/consejo.juventudextremadura\",\"https:\\\/\\\/x.com\\\/_cjex_\",\"https:\\\/\\\/www.instagram.com\\\/_cjex_\\\/\",\"https:\\\/\\\/www.youtube.com\\\/channel\\\/UCwr3bP9ZbduuRLL8EftcWwA\"]}]}<\/script>\n<!-- \/ Yoast SEO plugin. -->","yoast_head_json":{"title":"El Proyecto - Cuadernos Violetas","description":"La iniciativa \u201cCuadernos Violetas\u201d la pone en marcha el Grupo de Trabajo Mujer Joven, del Consejo de la Juventud de Extremadura, tras darse cuenta de la falta de visibilidad que toman distintos tipos de violencia contra la mujer.","robots":{"index":"index","follow":"follow","max-snippet":"max-snippet:-1","max-image-preview":"max-image-preview:large","max-video-preview":"max-video-preview:-1"},"canonical":"https:\/\/cuadernosvioletas.cjex.org\/index.php\/el-proyecto\/","og_locale":"es_ES","og_type":"article","og_title":"El Proyecto - Cuadernos Violetas","og_description":"La iniciativa \u201cCuadernos Violetas\u201d la pone en marcha el Grupo de Trabajo Mujer Joven, del Consejo de la Juventud de Extremadura, tras darse cuenta de la falta de visibilidad que toman distintos tipos de violencia contra la mujer.","og_url":"https:\/\/cuadernosvioletas.cjex.org\/index.php\/el-proyecto\/","og_site_name":"Cuadernos Violetas","article_publisher":"https:\/\/www.facebook.com\/consejo.juventudextremadura","article_modified_time":"2016-10-07T09:26:26+00:00","og_image":[{"url":"https:\/\/cuadernosvioletas.cjex.org\/wp-content\/uploads\/2016\/08\/portada_cv-e1470087049794.jpg","type":"","width":"","height":""}],"twitter_card":"summary_large_image","twitter_site":"@_cjex_","twitter_misc":{"Tiempo de lectura":"2 minutos"},"schema":{"@context":"https:\/\/schema.org","@graph":[{"@type":"WebPage","@id":"https:\/\/cuadernosvioletas.cjex.org\/index.php\/el-proyecto\/","url":"https:\/\/cuadernosvioletas.cjex.org\/index.php\/el-proyecto\/","name":"El Proyecto - Cuadernos Violetas","isPartOf":{"@id":"https:\/\/cuadernosvioletas.cjex.org\/#website"},"primaryImageOfPage":{"@id":"https:\/\/cuadernosvioletas.cjex.org\/index.php\/el-proyecto\/#primaryimage"},"image":{"@id":"https:\/\/cuadernosvioletas.cjex.org\/index.php\/el-proyecto\/#primaryimage"},"thumbnailUrl":"https:\/\/cuadernosvioletas.cjex.org\/wp-content\/uploads\/2016\/08\/portada_cv-e1470087049794.jpg","datePublished":"2016-08-01T21:21:03+00:00","dateModified":"2016-10-07T09:26:26+00:00","description":"La iniciativa \u201cCuadernos Violetas\u201d la pone en marcha el Grupo de Trabajo Mujer Joven, del Consejo de la Juventud de Extremadura, tras darse cuenta de la falta de visibilidad que toman distintos tipos de violencia contra la mujer.","breadcrumb":{"@id":"https:\/\/cuadernosvioletas.cjex.org\/index.php\/el-proyecto\/#breadcrumb"},"inLanguage":"es","potentialAction":[{"@type":"ReadAction","target":["https:\/\/cuadernosvioletas.cjex.org\/index.php\/el-proyecto\/"]}]},{"@type":"ImageObject","inLanguage":"es","@id":"https:\/\/cuadernosvioletas.cjex.org\/index.php\/el-proyecto\/#primaryimage","url":"https:\/\/cuadernosvioletas.cjex.org\/wp-content\/uploads\/2016\/08\/portada_cv-980x250.jpg","contentUrl":"https:\/\/cuadernosvioletas.cjex.org\/wp-content\/uploads\/2016\/08\/portada_cv-980x250.jpg","width":800,"height":1131},{"@type":"BreadcrumbList","@id":"https:\/\/cuadernosvioletas.cjex.org\/index.php\/el-proyecto\/#breadcrumb","itemListElement":[{"@type":"ListItem","position":1,"name":"Portada","item":"https:\/\/cuadernosvioletas.cjex.org\/"},{"@type":"ListItem","position":2,"name":"El Proyecto"}]},{"@type":"WebSite","@id":"https:\/\/cuadernosvioletas.cjex.org\/#website","url":"https:\/\/cuadernosvioletas.cjex.org\/","name":"Cuadernos Violetas","description":"El Grupo de Trabajo Mujer Joven del Consejo de la Juventud de Extremadura inicia el 8 de marzo, con motivo del D\u00eda Internacional de la Mujer, una campa\u00f1a para visibilizar las formas ocultas de violencia sobre la mujer. El proyecto culminar\u00e1 el 25 de noviembre, D\u00eda Internacional contra la violencia de g\u00e9nero. El proyecto consiste en recopilar en unas libretas espec\u00edficas aquellas circunstancias de acoso o de fases incipientes de violencia de g\u00e9nero sufridas por las extreme\u00f1as.","publisher":{"@id":"https:\/\/cuadernosvioletas.cjex.org\/#organization"},"potentialAction":[{"@type":"SearchAction","target":{"@type":"EntryPoint","urlTemplate":"https:\/\/cuadernosvioletas.cjex.org\/?s={search_term_string}"},"query-input":{"@type":"PropertyValueSpecification","valueRequired":true,"valueName":"search_term_string"}}],"inLanguage":"es"},{"@type":"Organization","@id":"https:\/\/cuadernosvioletas.cjex.org\/#organization","name":"Consejo de la Juventud de Extremadura - CJEx","url":"https:\/\/cuadernosvioletas.cjex.org\/","logo":{"@type":"ImageObject","inLanguage":"es","@id":"https:\/\/cuadernosvioletas.cjex.org\/#\/schema\/logo\/image\/","url":"https:\/\/cuadernosvioletas.cjex.org\/wp-content\/uploads\/2016\/10\/logo-cjex-300x250.png","contentUrl":"https:\/\/cuadernosvioletas.cjex.org\/wp-content\/uploads\/2016\/10\/logo-cjex-300x250.png","width":300,"height":265,"caption":"Consejo de la Juventud de Extremadura - CJEx"},"image":{"@id":"https:\/\/cuadernosvioletas.cjex.org\/#\/schema\/logo\/image\/"},"sameAs":["https:\/\/www.facebook.com\/consejo.juventudextremadura","https:\/\/x.com\/_cjex_","https:\/\/www.instagram.com\/_cjex_\/","https:\/\/www.youtube.com\/channel\/UCwr3bP9ZbduuRLL8EftcWwA"]}]}},"_links":{"self":[{"href":"https:\/\/cuadernosvioletas.cjex.org\/index.php\/wp-json\/wp\/v2\/pages\/105","targetHints":{"allow":["GET"]}}],"collection":[{"href":"https:\/\/cuadernosvioletas.cjex.org\/index.php\/wp-json\/wp\/v2\/pages"}],"about":[{"href":"https:\/\/cuadernosvioletas.cjex.org\/index.php\/wp-json\/wp\/v2\/types\/page"}],"author":[{"embeddable":true,"href":"https:\/\/cuadernosvioletas.cjex.org\/index.php\/wp-json\/wp\/v2\/users\/4"}],"replies":[{"embeddable":true,"href":"https:\/\/cuadernosvioletas.cjex.org\/index.php\/wp-json\/wp\/v2\/comments?post=105"}],"version-history":[{"count":16,"href":"https:\/\/cuadernosvioletas.cjex.org\/index.php\/wp-json\/wp\/v2\/pages\/105\/revisions"}],"predecessor-version":[{"id":258,"href":"https:\/\/cuadernosvioletas.cjex.org\/index.php\/wp-json\/wp\/v2\/pages\/105\/revisions\/258"}],"wp:attachment":[{"href":"https:\/\/cuadernosvioletas.cjex.org\/index.php\/wp-json\/wp\/v2\/media?parent=105"}],"curies":[{"name":"wp","href":"https:\/\/api.w.org\/{rel}","templated":true}]}}